{"id":403,"date":"2019-03-27T19:41:09","date_gmt":"2019-03-27T18:41:09","guid":{"rendered":"https:\/\/drsommer-team.de\/willkommen\/mobile-content\/"},"modified":"2019-03-27T22:19:58","modified_gmt":"2019-03-27T21:19:58","slug":"mobile-content","status":"publish","type":"page","link":"https:\/\/drsommer-team.de\/en\/welcome\/mobile-content\/","title":{"rendered":"Mobile Content"},"content":{"rendered":"","protected":false},"excerpt":{"rendered":"","protected":false},"author":1,"featured_media":0,"parent":43,"menu_order":0,"comment_status":"closed","ping_status":"closed","template":"page-templates\/page-full-width-front.php","meta":{"_acf_changed":false,"footnotes":""},"class_list":["post-403","page","type-page","status-publish","hentry"],"acf":[],"yoast_head":"<!-- This site is optimized with the Yoast SEO plugin v27.4 - https:\/\/yoast.com\/product\/yoast-seo-wordpress\/ -->\n<title>Mobile Content - Dental Office Dr. Sommer Team<\/title>\n<meta name=\"description\" content=\"Praxis f\u00fcr \u00e4sthetische Zahnmedizin auf Basis modernster und hochwertigster Untersuchungs- und Behandlungsmethoden in M\u00fcnchen\/Schwabing.\" \/>\n<meta name=\"robots\" content=\"index, nofollow, max-snippet:-1, max-image-preview:large, max-video-preview:-1\" \/>\n<link rel=\"canonical\" href=\"https:\/\/drsommer-team.de\/en\/welcome\/mobile-content\/\" \/>\n<meta property=\"og:locale\" content=\"en_US\" \/>\n<meta property=\"og:type\" content=\"article\" \/>\n<meta property=\"og:title\" content=\"Mobile Content - Dental Office Dr. Sommer Team\" \/>\n<meta property=\"og:description\" content=\"Praxis f\u00fcr \u00e4sthetische Zahnmedizin auf Basis modernster und hochwertigster Untersuchungs- und Behandlungsmethoden in M\u00fcnchen\/Schwabing.\" \/>\n<meta property=\"og:url\" content=\"https:\/\/drsommer-team.de\/en\/welcome\/mobile-content\/\" \/>\n<meta property=\"og:site_name\" content=\"Dental Office Dr. Sommer Team\" \/>\n<meta property=\"article:modified_time\" content=\"2019-03-27T21:19:58+00:00\" \/>\n<meta property=\"og:image\" content=\"https:\/\/drsommer-team.de\/wp-content\/uploads\/2020\/02\/dr_sommer_fb-compressor.jpg\" \/>\n<meta name=\"twitter:card\" content=\"summary_large_image\" \/>\n<script type=\"application\/ld+json\" class=\"yoast-schema-graph\">{\"@context\":\"https:\\\/\\\/schema.org\",\"@graph\":[{\"@type\":\"WebPage\",\"@id\":\"https:\\\/\\\/drsommer-team.de\\\/en\\\/welcome\\\/mobile-content\\\/\",\"url\":\"https:\\\/\\\/drsommer-team.de\\\/en\\\/welcome\\\/mobile-content\\\/\",\"name\":\"Mobile Content - Dental Office Dr. Sommer Team\",\"isPartOf\":{\"@id\":\"https:\\\/\\\/drsommer-team.de\\\/en\\\/#website\"},\"datePublished\":\"2019-03-27T18:41:09+00:00\",\"dateModified\":\"2019-03-27T21:19:58+00:00\",\"description\":\"Praxis f\u00fcr \u00e4sthetische Zahnmedizin auf Basis modernster und hochwertigster Untersuchungs- und Behandlungsmethoden in M\u00fcnchen\\\/Schwabing.\",\"breadcrumb\":{\"@id\":\"https:\\\/\\\/drsommer-team.de\\\/en\\\/welcome\\\/mobile-content\\\/#breadcrumb\"},\"inLanguage\":\"en-US\",\"potentialAction\":[{\"@type\":\"ReadAction\",\"target\":[\"https:\\\/\\\/drsommer-team.de\\\/en\\\/welcome\\\/mobile-content\\\/\"]}]},{\"@type\":\"BreadcrumbList\",\"@id\":\"https:\\\/\\\/drsommer-team.de\\\/en\\\/welcome\\\/mobile-content\\\/#breadcrumb\",\"itemListElement\":[{\"@type\":\"ListItem\",\"position\":1,\"name\":\"Startseite\",\"item\":\"https:\\\/\\\/drsommer-team.de\\\/en\\\/\"},{\"@type\":\"ListItem\",\"position\":2,\"name\":\"Welcome\",\"item\":\"https:\\\/\\\/drsommer-team.de\\\/en\\\/\"},{\"@type\":\"ListItem\",\"position\":3,\"name\":\"Mobile Content\"}]},{\"@type\":\"WebSite\",\"@id\":\"https:\\\/\\\/drsommer-team.de\\\/en\\\/#website\",\"url\":\"https:\\\/\\\/drsommer-team.de\\\/en\\\/\",\"name\":\"Zahnarztpraxis Dr. Sommer Team\",\"description\":\"\",\"publisher\":{\"@id\":\"https:\\\/\\\/drsommer-team.de\\\/en\\\/#organization\"},\"potentialAction\":[{\"@type\":\"SearchAction\",\"target\":{\"@type\":\"EntryPoint\",\"urlTemplate\":\"https:\\\/\\\/drsommer-team.de\\\/en\\\/?s={search_term_string}\"},\"query-input\":{\"@type\":\"PropertyValueSpecification\",\"valueRequired\":true,\"valueName\":\"search_term_string\"}}],\"inLanguage\":\"en-US\"},{\"@type\":\"Organization\",\"@id\":\"https:\\\/\\\/drsommer-team.de\\\/en\\\/#organization\",\"name\":\"Zahnarztpraxis Dr. Sommer Team\",\"url\":\"https:\\\/\\\/drsommer-team.de\\\/en\\\/\",\"logo\":{\"@type\":\"ImageObject\",\"inLanguage\":\"en-US\",\"@id\":\"https:\\\/\\\/drsommer-team.de\\\/en\\\/#\\\/schema\\\/logo\\\/image\\\/\",\"url\":\"https:\\\/\\\/drsommer-team.de\\\/wp-content\\\/uploads\\\/2019\\\/03\\\/logo-compressor-1.png\",\"contentUrl\":\"https:\\\/\\\/drsommer-team.de\\\/wp-content\\\/uploads\\\/2019\\\/03\\\/logo-compressor-1.png\",\"width\":410,\"height\":57,\"caption\":\"Zahnarztpraxis Dr. Sommer Team\"},\"image\":{\"@id\":\"https:\\\/\\\/drsommer-team.de\\\/en\\\/#\\\/schema\\\/logo\\\/image\\\/\"}}]}<\/script>\n<!-- \/ Yoast SEO plugin. -->","yoast_head_json":{"title":"Mobile Content - Dental Office Dr. Sommer Team","description":"Praxis f\u00fcr \u00e4sthetische Zahnmedizin auf Basis modernster und hochwertigster Untersuchungs- und Behandlungsmethoden in M\u00fcnchen\/Schwabing.","robots":{"index":"index","follow":"nofollow","max-snippet":"max-snippet:-1","max-image-preview":"max-image-preview:large","max-video-preview":"max-video-preview:-1"},"canonical":"https:\/\/drsommer-team.de\/en\/welcome\/mobile-content\/","og_locale":"en_US","og_type":"article","og_title":"Mobile Content - Dental Office Dr. Sommer Team","og_description":"Praxis f\u00fcr \u00e4sthetische Zahnmedizin auf Basis modernster und hochwertigster Untersuchungs- und Behandlungsmethoden in M\u00fcnchen\/Schwabing.","og_url":"https:\/\/drsommer-team.de\/en\/welcome\/mobile-content\/","og_site_name":"Dental Office Dr. Sommer Team","article_modified_time":"2019-03-27T21:19:58+00:00","og_image":[{"url":"https:\/\/drsommer-team.de\/wp-content\/uploads\/2020\/02\/dr_sommer_fb-compressor.jpg","type":"","width":"","height":""}],"twitter_card":"summary_large_image","schema":{"@context":"https:\/\/schema.org","@graph":[{"@type":"WebPage","@id":"https:\/\/drsommer-team.de\/en\/welcome\/mobile-content\/","url":"https:\/\/drsommer-team.de\/en\/welcome\/mobile-content\/","name":"Mobile Content - Dental Office Dr. Sommer Team","isPartOf":{"@id":"https:\/\/drsommer-team.de\/en\/#website"},"datePublished":"2019-03-27T18:41:09+00:00","dateModified":"2019-03-27T21:19:58+00:00","description":"Praxis f\u00fcr \u00e4sthetische Zahnmedizin auf Basis modernster und hochwertigster Untersuchungs- und Behandlungsmethoden in M\u00fcnchen\/Schwabing.","breadcrumb":{"@id":"https:\/\/drsommer-team.de\/en\/welcome\/mobile-content\/#breadcrumb"},"inLanguage":"en-US","potentialAction":[{"@type":"ReadAction","target":["https:\/\/drsommer-team.de\/en\/welcome\/mobile-content\/"]}]},{"@type":"BreadcrumbList","@id":"https:\/\/drsommer-team.de\/en\/welcome\/mobile-content\/#breadcrumb","itemListElement":[{"@type":"ListItem","position":1,"name":"Startseite","item":"https:\/\/drsommer-team.de\/en\/"},{"@type":"ListItem","position":2,"name":"Welcome","item":"https:\/\/drsommer-team.de\/en\/"},{"@type":"ListItem","position":3,"name":"Mobile Content"}]},{"@type":"WebSite","@id":"https:\/\/drsommer-team.de\/en\/#website","url":"https:\/\/drsommer-team.de\/en\/","name":"Zahnarztpraxis Dr. Sommer Team","description":"","publisher":{"@id":"https:\/\/drsommer-team.de\/en\/#organization"},"potentialAction":[{"@type":"SearchAction","target":{"@type":"EntryPoint","urlTemplate":"https:\/\/drsommer-team.de\/en\/?s={search_term_string}"},"query-input":{"@type":"PropertyValueSpecification","valueRequired":true,"valueName":"search_term_string"}}],"inLanguage":"en-US"},{"@type":"Organization","@id":"https:\/\/drsommer-team.de\/en\/#organization","name":"Zahnarztpraxis Dr. Sommer Team","url":"https:\/\/drsommer-team.de\/en\/","logo":{"@type":"ImageObject","inLanguage":"en-US","@id":"https:\/\/drsommer-team.de\/en\/#\/schema\/logo\/image\/","url":"https:\/\/drsommer-team.de\/wp-content\/uploads\/2019\/03\/logo-compressor-1.png","contentUrl":"https:\/\/drsommer-team.de\/wp-content\/uploads\/2019\/03\/logo-compressor-1.png","width":410,"height":57,"caption":"Zahnarztpraxis Dr. Sommer Team"},"image":{"@id":"https:\/\/drsommer-team.de\/en\/#\/schema\/logo\/image\/"}}]}},"_links":{"self":[{"href":"https:\/\/drsommer-team.de\/en\/wp-json\/wp\/v2\/pages\/403","targetHints":{"allow":["GET"]}}],"collection":[{"href":"https:\/\/drsommer-team.de\/en\/wp-json\/wp\/v2\/pages"}],"about":[{"href":"https:\/\/drsommer-team.de\/en\/wp-json\/wp\/v2\/types\/page"}],"author":[{"embeddable":true,"href":"https:\/\/drsommer-team.de\/en\/wp-json\/wp\/v2\/users\/1"}],"replies":[{"embeddable":true,"href":"https:\/\/drsommer-team.de\/en\/wp-json\/wp\/v2\/comments?post=403"}],"version-history":[{"count":4,"href":"https:\/\/drsommer-team.de\/en\/wp-json\/wp\/v2\/pages\/403\/revisions"}],"predecessor-version":[{"id":428,"href":"https:\/\/drsommer-team.de\/en\/wp-json\/wp\/v2\/pages\/403\/revisions\/428"}],"up":[{"embeddable":true,"href":"https:\/\/drsommer-team.de\/en\/wp-json\/wp\/v2\/pages\/43"}],"wp:attachment":[{"href":"https:\/\/drsommer-team.de\/en\/wp-json\/wp\/v2\/media?parent=403"}],"curies":[{"name":"wp","href":"https:\/\/api.w.org\/{rel}","templated":true}]}}