{"id":107,"date":"2019-03-23T21:19:36","date_gmt":"2019-03-23T20:19:36","guid":{"rendered":"https:\/\/neu.drsommer-team.de\/?page_id=107"},"modified":"2024-02-29T17:34:15","modified_gmt":"2024-02-29T16:34:15","slug":"imprint","status":"publish","type":"page","link":"https:\/\/drsommer-team.de\/en\/imprint\/","title":{"rendered":"Imprint"},"content":{"rendered":"<p><strong>According to \u00a7 5 TMG<\/strong><\/p>\n<p><strong>Office address\/contact<\/strong><br \/>\nDr. Sommer Team &#8211; Dental Office<br \/>\nWilhelm-Wagenfeld-Stra\u00dfe 4<br \/>\n80807 Munich\/Schwabing<\/p>\n<p>Phone: +49 (0) 89 32 60 47 93<br \/>\nFax: +49 (0) 89 32 60 47 92<br \/>\nE-Mail: info@drsommer-team.de<\/p>\n<p><strong>Responsible for content<\/strong><br \/>\nDr. Oliver Sommer<\/p>\n<p><strong>Legal job title<\/strong><br \/>\nDentist<\/p>\n<p><strong>Responsible medical association<\/strong><br \/>\nKassenzahn\u00e4rztliche Vereinigung Bayern<br \/>\nFallstra\u00dfe 34<br \/>\n81369 M\u00fcnchen<\/p>\n<p><strong>Responsible Dentistry Chamber<\/strong><br \/>\nBayerische Landeszahn\u00e4rztekammer<br \/>\nFallstra\u00dfe 34<br \/>\n81369 M\u00fcnchen<\/p>\n<p><strong>Tax ID<\/strong><br \/>\n14620031039<\/p>\n<p><strong>Dispute Resolution<\/strong><br \/>\nThe European Commission provides an online dispute resolution (OS) platform: <a href=\"https:\/\/ec.europa.eu\/consumers\/odr\" rel=\"noopener noreferrer\" target=\"_blank\">https:\/\/ec.europa.eu\/consumers\/odr<\/a>. Our e-mail address can be found above in the imprint. We are not willing or obliged to participate in dispute resolution procedures before a consumer arbitration board.<\/p>\n<p><strong>Content liability<\/strong><br \/>\nAs a service provider we are responsible according to \u00a7 7 Abs.1 TMG for own contents on these sides according to the general laws. According to \u00a7\u00a7 8 to 10 TMG, however, we as a service provider are not obligated to monitor transmitted or stored third-party information or to investigate circumstances that indicate an illegal activity. Obligations to remove or block the use of information under general law remain unaffected. However, liability in this regard is only possible from the moment of knowledge of a specific infringement. Upon notification of appropriate violations, we will remove this content immediately.<\/p>\n<p><strong>Liability for links<\/strong><br \/>\nOur offer contains links to external websites of third parties on whose contents we have no influence. Therefore, we can not assume any liability for these external contents. The content of the linked pages is always the responsibility of the respective provider or operator of the pages. The linked pages were checked for possible legal violations at the time of linking. Illegal content was not recognizable at the time of linking. However, a permanent content control of the linked pages is not reasonable without concrete evidence of a violation of law. Upon notification of violations, we will remove such links immediately.<\/p>\n<p><strong>Copyright<\/strong><br \/>\nThe content and works on these pages created by the site operators are subject to German copyright law. The duplication, processing, distribution and any kind of exploitation outside the limits of copyright require the written consent of the respective author or creator. Downloads and copies of this site are for private, non-commercial use only. As far as the contents on this side were not created by the operator, the copyrights of third parties are considered. In particular contents of third parties are marked as such. Should you still be aware of a copyright infringement, we ask for a note. Upon notification of violations, we will remove such content immediately.<\/p>\n","protected":false},"excerpt":{"rendered":"<p>According to \u00a7 5 TMG Office address\/contact Dr. Sommer Team &#8211; Dental Office Wilhelm-Wagenfeld-Stra\u00dfe 4 80807 Munich\/Schwabing Phone: +49 (0) 89 32 60 47 93 Fax: +49 (0) 89 32 60 47 92 E-Mail: info@drsommer-team.de Responsible for content Dr. Oliver Sommer Legal job title Dentist Responsible medical association Kassenzahn\u00e4rztliche Vereinigung Bayern Fallstra\u00dfe 34 81369 M\u00fcnchen [&hellip;]<\/p>\n","protected":false},"author":1,"featured_media":0,"parent":0,"menu_order":0,"comment_status":"closed","ping_status":"closed","template":"page-templates\/page-full-width-subpage.php","meta":{"_acf_changed":false,"footnotes":""},"class_list":["post-107","page","type-page","status-publish","hentry"],"acf":[],"yoast_head":"<!-- This site is optimized with the Yoast SEO plugin v27.3 - https:\/\/yoast.com\/product\/yoast-seo-wordpress\/ -->\n<title>Imprint - Dental Office Dr. Sommer Team<\/title>\n<meta name=\"description\" content=\"Office for aesthetic dentistry based on state-of-the-art and high-quality examination and treatment methods in Munich\/Schwabing.\" \/>\n<meta name=\"robots\" content=\"index, nofollow, max-snippet:-1, max-image-preview:large, max-video-preview:-1\" \/>\n<link rel=\"canonical\" href=\"https:\/\/drsommer-team.de\/en\/imprint\/\" \/>\n<meta property=\"og:locale\" content=\"en_US\" \/>\n<meta property=\"og:type\" content=\"article\" \/>\n<meta property=\"og:title\" content=\"Imprint - Dental Office Dr. Sommer Team\" \/>\n<meta property=\"og:description\" content=\"Office for aesthetic dentistry based on state-of-the-art and high-quality examination and treatment methods in Munich\/Schwabing.\" \/>\n<meta property=\"og:url\" content=\"https:\/\/drsommer-team.de\/en\/imprint\/\" \/>\n<meta property=\"og:site_name\" content=\"Dental Office Dr. Sommer Team\" \/>\n<meta property=\"article:modified_time\" content=\"2024-02-29T16:34:15+00:00\" \/>\n<meta property=\"og:image\" content=\"https:\/\/drsommer-team.de\/wp-content\/uploads\/2020\/02\/dr_sommer_fb-compressor.jpg\" \/>\n<meta name=\"twitter:card\" content=\"summary_large_image\" \/>\n<meta name=\"twitter:label1\" content=\"Est. reading time\" \/>\n\t<meta name=\"twitter:data1\" content=\"2 minutes\" \/>\n<script type=\"application\/ld+json\" class=\"yoast-schema-graph\">{\"@context\":\"https:\\\/\\\/schema.org\",\"@graph\":[{\"@type\":\"WebPage\",\"@id\":\"https:\\\/\\\/drsommer-team.de\\\/en\\\/imprint\\\/\",\"url\":\"https:\\\/\\\/drsommer-team.de\\\/en\\\/imprint\\\/\",\"name\":\"Imprint - Dental Office Dr. Sommer Team\",\"isPartOf\":{\"@id\":\"https:\\\/\\\/drsommer-team.de\\\/en\\\/#website\"},\"datePublished\":\"2019-03-23T20:19:36+00:00\",\"dateModified\":\"2024-02-29T16:34:15+00:00\",\"description\":\"Office for aesthetic dentistry based on state-of-the-art and high-quality examination and treatment methods in Munich\\\/Schwabing.\",\"breadcrumb\":{\"@id\":\"https:\\\/\\\/drsommer-team.de\\\/en\\\/imprint\\\/#breadcrumb\"},\"inLanguage\":\"en-US\",\"potentialAction\":[{\"@type\":\"ReadAction\",\"target\":[\"https:\\\/\\\/drsommer-team.de\\\/en\\\/imprint\\\/\"]}]},{\"@type\":\"BreadcrumbList\",\"@id\":\"https:\\\/\\\/drsommer-team.de\\\/en\\\/imprint\\\/#breadcrumb\",\"itemListElement\":[{\"@type\":\"ListItem\",\"position\":1,\"name\":\"Startseite\",\"item\":\"https:\\\/\\\/drsommer-team.de\\\/en\\\/\"},{\"@type\":\"ListItem\",\"position\":2,\"name\":\"Imprint\"}]},{\"@type\":\"WebSite\",\"@id\":\"https:\\\/\\\/drsommer-team.de\\\/en\\\/#website\",\"url\":\"https:\\\/\\\/drsommer-team.de\\\/en\\\/\",\"name\":\"Zahnarztpraxis Dr. Sommer Team\",\"description\":\"\",\"publisher\":{\"@id\":\"https:\\\/\\\/drsommer-team.de\\\/en\\\/#organization\"},\"potentialAction\":[{\"@type\":\"SearchAction\",\"target\":{\"@type\":\"EntryPoint\",\"urlTemplate\":\"https:\\\/\\\/drsommer-team.de\\\/en\\\/?s={search_term_string}\"},\"query-input\":{\"@type\":\"PropertyValueSpecification\",\"valueRequired\":true,\"valueName\":\"search_term_string\"}}],\"inLanguage\":\"en-US\"},{\"@type\":\"Organization\",\"@id\":\"https:\\\/\\\/drsommer-team.de\\\/en\\\/#organization\",\"name\":\"Zahnarztpraxis Dr. Sommer Team\",\"url\":\"https:\\\/\\\/drsommer-team.de\\\/en\\\/\",\"logo\":{\"@type\":\"ImageObject\",\"inLanguage\":\"en-US\",\"@id\":\"https:\\\/\\\/drsommer-team.de\\\/en\\\/#\\\/schema\\\/logo\\\/image\\\/\",\"url\":\"https:\\\/\\\/drsommer-team.de\\\/wp-content\\\/uploads\\\/2019\\\/03\\\/logo-compressor-1.png\",\"contentUrl\":\"https:\\\/\\\/drsommer-team.de\\\/wp-content\\\/uploads\\\/2019\\\/03\\\/logo-compressor-1.png\",\"width\":410,\"height\":57,\"caption\":\"Zahnarztpraxis Dr. Sommer Team\"},\"image\":{\"@id\":\"https:\\\/\\\/drsommer-team.de\\\/en\\\/#\\\/schema\\\/logo\\\/image\\\/\"}}]}<\/script>\n<!-- \/ Yoast SEO plugin. -->","yoast_head_json":{"title":"Imprint - Dental Office Dr. Sommer Team","description":"Office for aesthetic dentistry based on state-of-the-art and high-quality examination and treatment methods in Munich\/Schwabing.","robots":{"index":"index","follow":"nofollow","max-snippet":"max-snippet:-1","max-image-preview":"max-image-preview:large","max-video-preview":"max-video-preview:-1"},"canonical":"https:\/\/drsommer-team.de\/en\/imprint\/","og_locale":"en_US","og_type":"article","og_title":"Imprint - Dental Office Dr. Sommer Team","og_description":"Office for aesthetic dentistry based on state-of-the-art and high-quality examination and treatment methods in Munich\/Schwabing.","og_url":"https:\/\/drsommer-team.de\/en\/imprint\/","og_site_name":"Dental Office Dr. Sommer Team","article_modified_time":"2024-02-29T16:34:15+00:00","og_image":[{"url":"https:\/\/drsommer-team.de\/wp-content\/uploads\/2020\/02\/dr_sommer_fb-compressor.jpg","type":"","width":"","height":""}],"twitter_card":"summary_large_image","twitter_misc":{"Est. reading time":"2 minutes"},"schema":{"@context":"https:\/\/schema.org","@graph":[{"@type":"WebPage","@id":"https:\/\/drsommer-team.de\/en\/imprint\/","url":"https:\/\/drsommer-team.de\/en\/imprint\/","name":"Imprint - Dental Office Dr. Sommer Team","isPartOf":{"@id":"https:\/\/drsommer-team.de\/en\/#website"},"datePublished":"2019-03-23T20:19:36+00:00","dateModified":"2024-02-29T16:34:15+00:00","description":"Office for aesthetic dentistry based on state-of-the-art and high-quality examination and treatment methods in Munich\/Schwabing.","breadcrumb":{"@id":"https:\/\/drsommer-team.de\/en\/imprint\/#breadcrumb"},"inLanguage":"en-US","potentialAction":[{"@type":"ReadAction","target":["https:\/\/drsommer-team.de\/en\/imprint\/"]}]},{"@type":"BreadcrumbList","@id":"https:\/\/drsommer-team.de\/en\/imprint\/#breadcrumb","itemListElement":[{"@type":"ListItem","position":1,"name":"Startseite","item":"https:\/\/drsommer-team.de\/en\/"},{"@type":"ListItem","position":2,"name":"Imprint"}]},{"@type":"WebSite","@id":"https:\/\/drsommer-team.de\/en\/#website","url":"https:\/\/drsommer-team.de\/en\/","name":"Zahnarztpraxis Dr. Sommer Team","description":"","publisher":{"@id":"https:\/\/drsommer-team.de\/en\/#organization"},"potentialAction":[{"@type":"SearchAction","target":{"@type":"EntryPoint","urlTemplate":"https:\/\/drsommer-team.de\/en\/?s={search_term_string}"},"query-input":{"@type":"PropertyValueSpecification","valueRequired":true,"valueName":"search_term_string"}}],"inLanguage":"en-US"},{"@type":"Organization","@id":"https:\/\/drsommer-team.de\/en\/#organization","name":"Zahnarztpraxis Dr. Sommer Team","url":"https:\/\/drsommer-team.de\/en\/","logo":{"@type":"ImageObject","inLanguage":"en-US","@id":"https:\/\/drsommer-team.de\/en\/#\/schema\/logo\/image\/","url":"https:\/\/drsommer-team.de\/wp-content\/uploads\/2019\/03\/logo-compressor-1.png","contentUrl":"https:\/\/drsommer-team.de\/wp-content\/uploads\/2019\/03\/logo-compressor-1.png","width":410,"height":57,"caption":"Zahnarztpraxis Dr. Sommer Team"},"image":{"@id":"https:\/\/drsommer-team.de\/en\/#\/schema\/logo\/image\/"}}]}},"_links":{"self":[{"href":"https:\/\/drsommer-team.de\/en\/wp-json\/wp\/v2\/pages\/107","targetHints":{"allow":["GET"]}}],"collection":[{"href":"https:\/\/drsommer-team.de\/en\/wp-json\/wp\/v2\/pages"}],"about":[{"href":"https:\/\/drsommer-team.de\/en\/wp-json\/wp\/v2\/types\/page"}],"author":[{"embeddable":true,"href":"https:\/\/drsommer-team.de\/en\/wp-json\/wp\/v2\/users\/1"}],"replies":[{"embeddable":true,"href":"https:\/\/drsommer-team.de\/en\/wp-json\/wp\/v2\/comments?post=107"}],"version-history":[{"count":17,"href":"https:\/\/drsommer-team.de\/en\/wp-json\/wp\/v2\/pages\/107\/revisions"}],"predecessor-version":[{"id":491,"href":"https:\/\/drsommer-team.de\/en\/wp-json\/wp\/v2\/pages\/107\/revisions\/491"}],"wp:attachment":[{"href":"https:\/\/drsommer-team.de\/en\/wp-json\/wp\/v2\/media?parent=107"}],"curies":[{"name":"wp","href":"https:\/\/api.w.org\/{rel}","templated":true}]}}